{"id":3953,"date":"2024-03-27T13:31:16","date_gmt":"2024-03-27T13:31:16","guid":{"rendered":"https:\/\/pathwaystonature.eu\/materiales-de-formacion\/"},"modified":"2025-12-27T03:43:24","modified_gmt":"2025-12-27T03:43:24","slug":"materiales-de-formacion","status":"publish","type":"page","link":"https:\/\/pathwaystonature.eu\/es\/materiales-de-formacion\/","title":{"rendered":"Materiales de formaci\u00f3n"},"content":{"rendered":"\t\t<div data-elementor-type=\"wp-page\" data-elementor-id=\"3953\" class=\"elementor elementor-3953 elementor-436\" data-elementor-post-type=\"page\">\n\t\t\t\t<div class=\"elementor-element elementor-element-b9973de e-flex e-con-boxed e-con e-parent\" data-id=\"b9973de\" data-element_type=\"container\" data-core-v316-plus=\"true\">\n\t\t\t\t\t<div class=\"e-con-inner\">\n\t\t\t\t<div class=\"elementor-element elementor-element-6a7dece elementor-tabs-view-horizontal elementor-widget elementor-widget-tabs\" data-id=\"6a7dece\" data-element_type=\"widget\" data-widget_type=\"tabs.default\">\n\t\t\t\t<div class=\"elementor-widget-container\">\n\t\t\t<style>\/*! elementor - v3.20.0 - 20-03-2024 *\/\n.elementor-widget-tabs.elementor-tabs-view-vertical .elementor-tabs-wrapper{width:25%;flex-shrink:0}.elementor-widget-tabs.elementor-tabs-view-vertical .elementor-tab-desktop-title.elementor-active{border-right-style:none}.elementor-widget-tabs.elementor-tabs-view-vertical .elementor-tab-desktop-title.elementor-active:after,.elementor-widget-tabs.elementor-tabs-view-vertical .elementor-tab-desktop-title.elementor-active:before{height:999em;width:0;right:0;border-right-style:solid}.elementor-widget-tabs.elementor-tabs-view-vertical .elementor-tab-desktop-title.elementor-active:before{top:0;transform:translateY(-100%)}.elementor-widget-tabs.elementor-tabs-view-vertical .elementor-tab-desktop-title.elementor-active:after{top:100%}.elementor-widget-tabs.elementor-tabs-view-horizontal .elementor-tab-desktop-title{display:table-cell}.elementor-widget-tabs.elementor-tabs-view-horizontal .elementor-tab-desktop-title.elementor-active{border-bottom-style:none}.elementor-widget-tabs.elementor-tabs-view-horizontal .elementor-tab-desktop-title.elementor-active:after,.elementor-widget-tabs.elementor-tabs-view-horizontal .elementor-tab-desktop-title.elementor-active:before{bottom:0;height:0;width:999em;border-bottom-style:solid}.elementor-widget-tabs.elementor-tabs-view-horizontal .elementor-tab-desktop-title.elementor-active:before{right:100%}.elementor-widget-tabs.elementor-tabs-view-horizontal .elementor-tab-desktop-title.elementor-active:after{left:100%}.elementor-widget-tabs .elementor-tab-content,.elementor-widget-tabs .elementor-tab-title,.elementor-widget-tabs .elementor-tab-title:after,.elementor-widget-tabs .elementor-tab-title:before,.elementor-widget-tabs .elementor-tabs-content-wrapper{border:1px #d5d8dc}.elementor-widget-tabs .elementor-tabs{text-align:left}.elementor-widget-tabs .elementor-tabs-wrapper{overflow:hidden}.elementor-widget-tabs .elementor-tab-title{cursor:pointer;outline:var(--focus-outline,none)}.elementor-widget-tabs .elementor-tab-desktop-title{position:relative;padding:20px 25px;font-weight:700;line-height:1;border:solid transparent}.elementor-widget-tabs .elementor-tab-desktop-title.elementor-active{border-color:#d5d8dc}.elementor-widget-tabs .elementor-tab-desktop-title.elementor-active:after,.elementor-widget-tabs .elementor-tab-desktop-title.elementor-active:before{display:block;content:\"\";position:absolute}.elementor-widget-tabs .elementor-tab-desktop-title:focus-visible{border:1px solid #000}.elementor-widget-tabs .elementor-tab-mobile-title{padding:10px;cursor:pointer}.elementor-widget-tabs .elementor-tab-content{padding:20px;display:none}@media (max-width:767px){.elementor-tabs .elementor-tab-content,.elementor-tabs .elementor-tab-title{border-style:solid solid none}.elementor-tabs .elementor-tabs-wrapper{display:none}.elementor-tabs .elementor-tabs-content-wrapper{border-bottom-style:solid}.elementor-tabs .elementor-tab-content{padding:10px}}@media (min-width:768px){.elementor-widget-tabs.elementor-tabs-view-vertical .elementor-tabs{display:flex}.elementor-widget-tabs.elementor-tabs-view-vertical .elementor-tabs-wrapper{flex-direction:column}.elementor-widget-tabs.elementor-tabs-view-vertical .elementor-tabs-content-wrapper{flex-grow:1;border-style:solid solid solid none}.elementor-widget-tabs.elementor-tabs-view-horizontal .elementor-tab-content{border-style:none solid solid}.elementor-widget-tabs.elementor-tabs-alignment-center .elementor-tabs-wrapper,.elementor-widget-tabs.elementor-tabs-alignment-end .elementor-tabs-wrapper,.elementor-widget-tabs.elementor-tabs-alignment-stretch .elementor-tabs-wrapper{display:flex}.elementor-widget-tabs.elementor-tabs-alignment-center .elementor-tabs-wrapper{justify-content:center}.elementor-widget-tabs.elementor-tabs-alignment-end .elementor-tabs-wrapper{justify-content:flex-end}.elementor-widget-tabs.elementor-tabs-alignment-stretch.elementor-tabs-view-horizontal .elementor-tab-title{width:100%}.elementor-widget-tabs.elementor-tabs-alignment-stretch.elementor-tabs-view-vertical .elementor-tab-title{height:100%}.elementor-tabs .elementor-tab-mobile-title{display:none}}<\/style>\t\t<div class=\"elementor-tabs\">\n\t\t\t<div class=\"elementor-tabs-wrapper\" role=\"tablist\" >\n\t\t\t\t\t\t\t\t\t<div id=\"elementor-tab-title-1111\" class=\"elementor-tab-title elementor-tab-desktop-title\" aria-selected=\"true\" data-tab=\"1\" role=\"tab\" tabindex=\"0\" aria-controls=\"elementor-tab-content-1111\" aria-expanded=\"false\">Materiales del proyecto<\/div>\n\t\t\t\t\t\t\t\t\t<div id=\"elementor-tab-title-1112\" class=\"elementor-tab-title elementor-tab-desktop-title\" aria-selected=\"false\" data-tab=\"2\" role=\"tab\" tabindex=\"-1\" aria-controls=\"elementor-tab-content-1112\" aria-expanded=\"false\">Pase Juvenil<\/div>\n\t\t\t\t\t\t\t<\/div>\n\t\t\t<div class=\"elementor-tabs-content-wrapper\" role=\"tablist\" aria-orientation=\"vertical\">\n\t\t\t\t\t\t\t\t\t<div class=\"elementor-tab-title elementor-tab-mobile-title\" aria-selected=\"true\" data-tab=\"1\" role=\"tab\" tabindex=\"0\" aria-controls=\"elementor-tab-content-1111\" aria-expanded=\"false\">Materiales del proyecto<\/div>\n\t\t\t\t\t<div id=\"elementor-tab-content-1111\" class=\"elementor-tab-content elementor-clearfix\" data-tab=\"1\" role=\"tabpanel\" aria-labelledby=\"elementor-tab-title-1111\" tabindex=\"0\" hidden=\"false\"><p>Descargas<\/p>\n<ul>\n<li><a href=\"https:\/\/pathwaystonature.eu\/wp-content\/uploads\/2025\/01\/Climate-Emotions-Wheel.png\" target=\"_blank\" rel=\"noopener\">Rueda de Clima y Emociones<\/a><\/li>\n<li><a href=\"https:\/\/pathwaystonature.eu\/wp-content\/uploads\/2025\/01\/Inclusion-of-Nature-in-Self-Scale-IINS.png\" target=\"_blank\" rel=\"noopener\">Inclusi\u00f3n de la naturaleza en la escala de auto-inclusi\u00f3n (IINS)<\/a><\/li>\n<li><a href=\"https:\/\/pathwaystonature.eu\/wp-content\/uploads\/2025\/01\/Pathways-to-Nature-Training-Resource.docx\" target=\"_blank\" rel=\"noopener\">Caminos hacia la Naturaleza &#8211; Recursos de formaci\u00f3n<\/a><\/li>\n<li><a href=\"https:\/\/pathwaystonature.eu\/wp-content\/uploads\/2025\/01\/PathwaystoNature_Consent_AssentFormsInformationSheet.docx\" target=\"_blank\" rel=\"noopener\">Hoja informativa sobre los formularios de consentimiento de Pathways to Nature<\/a><\/li>\n<li><a href=\"https:\/\/pathwaystonature.eu\/wp-content\/uploads\/2025\/01\/PhotoSpeak_About.pdf\" target=\"_blank\" rel=\"noopener\">PhotoSpeak About<\/a><\/li>\n<\/ul>\n<\/div>\n\t\t\t\t\t\t\t\t\t<div class=\"elementor-tab-title elementor-tab-mobile-title\" aria-selected=\"false\" data-tab=\"2\" role=\"tab\" tabindex=\"-1\" aria-controls=\"elementor-tab-content-1112\" aria-expanded=\"false\">Pase Juvenil<\/div>\n\t\t\t\t\t<div id=\"elementor-tab-content-1112\" class=\"elementor-tab-content elementor-clearfix\" data-tab=\"2\" role=\"tabpanel\" aria-labelledby=\"elementor-tab-title-1112\" tabindex=\"0\" hidden=\"hidden\"><p>Descargas<\/p>\n<ul>\n<li><a href=\"https:\/\/pathwaystonature.eu\/wp-content\/uploads\/2025\/05\/Youth-pass-and-the-7-proximal-outcomes-of-Youth-Work.pdf\" target=\"_blank\" rel=\"noopener\">Presentaci\u00f3n del Pase Juvenil<\/a><\/li>\n<li><a href=\"https:\/\/pathwaystonature.eu\/wp-content\/uploads\/2025\/01\/200923_YP_LOTB-2020_Box_Online_01.pdf\" target=\"_blank\" rel=\"noopener\">https:\/\/pathwaystonature.eu\/wp-content\/uploads\/2025\/01\/200923_YP_LOTB-2020_Box_Online_01.pdf<\/a><\/li>\n<li><a href=\"https:\/\/pathwaystonature.eu\/wp-content\/uploads\/2025\/01\/200923_YP_LOTB-2020_Cardset_part1_Online_01.pdf\" target=\"_blank\" rel=\"noopener\">https:\/\/pathwaystonature.eu\/wp-content\/uploads\/2025\/01\/200923_YP_LOTB-2020_Cardset_part1_Online_01.pdf<\/a><\/li>\n<li><a href=\"https:\/\/pathwaystonature.eu\/wp-content\/uploads\/2025\/01\/200923_YP_LOTB-2020_Cardset_part2_Online_01.pdf\" target=\"_blank\" rel=\"noopener\">https:\/\/pathwaystonature.eu\/wp-content\/uploads\/2025\/01\/200923_YP_LOTB-2020_Cardset_part2_Online_01.pdf<\/a><\/li>\n<li><a href=\"https:\/\/pathwaystonature.eu\/wp-content\/uploads\/2025\/01\/200923_YP_LOTB-2020_Cardset_part3_Online_01.pdf\" target=\"_blank\" rel=\"noopener\">https:\/\/pathwaystonature.eu\/wp-content\/uploads\/2025\/01\/200923_YP_LOTB-2020_Cardset_part3_Online_01.pdf<\/a><\/li>\n<\/ul>\n<\/div>\n\t\t\t\t\t\t\t<\/div>\n\t\t<\/div>\n\t\t\t\t<\/div>\n\t\t\t\t<\/div>\n\t\t\t\t\t<\/div>\n\t\t\t\t<\/div>\n\t\t\t\t<\/div>\n\t\t","protected":false},"excerpt":{"rendered":"<p>Materiales del proyecto Pase Juvenil Materiales del proyecto Descargas Rueda de Clima y Emociones Inclusi\u00f3n de la naturaleza en la escala de auto-inclusi\u00f3n (IINS) Caminos hacia la Naturaleza &#8211; Recursos de formaci\u00f3n Hoja informativa sobre los formularios de consentimiento de Pathways to Nature PhotoSpeak About Pase Juvenil Descargas Presentaci\u00f3n del Pase Juvenil https:\/\/pathwaystonature.eu\/wp-content\/uploads\/2025\/01\/200923_YP_LOTB-2020_Box_Online_01.pdf https:\/\/pathwaystonature.eu\/wp-content\/uploads\/2025\/01\/200923_YP_LOTB-2020_Cardset_part1_Online_01.pdf https:\/\/pathwaystonature.eu\/wp-content\/uploads\/2025\/01\/200923_YP_LOTB-2020_Cardset_part2_Online_01.pdf [&hellip;]<\/p>\n","protected":false},"author":1,"featured_media":0,"parent":0,"menu_order":0,"comment_status":"closed","ping_status":"closed","template":"elementor_header_footer","meta":{"footnotes":""},"class_list":["post-3953","page","type-page","status-publish","hentry"],"_links":{"self":[{"href":"https:\/\/pathwaystonature.eu\/es\/wp-json\/wp\/v2\/pages\/3953","targetHints":{"allow":["GET"]}}],"collection":[{"href":"https:\/\/pathwaystonature.eu\/es\/wp-json\/wp\/v2\/pages"}],"about":[{"href":"https:\/\/pathwaystonature.eu\/es\/wp-json\/wp\/v2\/types\/page"}],"author":[{"embeddable":true,"href":"https:\/\/pathwaystonature.eu\/es\/wp-json\/wp\/v2\/users\/1"}],"replies":[{"embeddable":true,"href":"https:\/\/pathwaystonature.eu\/es\/wp-json\/wp\/v2\/comments?post=3953"}],"version-history":[{"count":2,"href":"https:\/\/pathwaystonature.eu\/es\/wp-json\/wp\/v2\/pages\/3953\/revisions"}],"predecessor-version":[{"id":3959,"href":"https:\/\/pathwaystonature.eu\/es\/wp-json\/wp\/v2\/pages\/3953\/revisions\/3959"}],"wp:attachment":[{"href":"https:\/\/pathwaystonature.eu\/es\/wp-json\/wp\/v2\/media?parent=3953"}],"curies":[{"name":"wp","href":"https:\/\/api.w.org\/{rel}","templated":true}]}}