{"id":3942,"date":"2025-06-07T19:49:58","date_gmt":"2025-06-07T19:49:58","guid":{"rendered":"https:\/\/pathwaystonature.eu\/condecoraciones\/"},"modified":"2025-12-27T03:43:21","modified_gmt":"2025-12-27T03:43:21","slug":"condecoraciones","status":"publish","type":"page","link":"https:\/\/pathwaystonature.eu\/es\/condecoraciones\/","title":{"rendered":"Condecoraciones"},"content":{"rendered":"\t\t<div data-elementor-type=\"wp-page\" data-elementor-id=\"3942\" class=\"elementor elementor-3942 elementor-1565\" data-elementor-post-type=\"page\">\n\t\t\t\t<div class=\"elementor-element elementor-element-0fb1315 e-flex e-con-boxed e-con e-parent\" data-id=\"0fb1315\" data-element_type=\"container\" data-settings=\"{&quot;motion_fx_motion_fx_scrolling&quot;:&quot;yes&quot;,&quot;motion_fx_devices&quot;:[&quot;desktop&quot;,&quot;tablet&quot;,&quot;mobile&quot;]}\" data-core-v316-plus=\"true\">\n\t\t\t\t\t<div class=\"e-con-inner\">\n\t\t\t\t<div class=\"elementor-element elementor-element-f734edb elementor-widget elementor-widget-heading\" data-id=\"f734edb\" data-element_type=\"widget\" data-widget_type=\"heading.default\">\n\t\t\t\t<div class=\"elementor-widget-container\">\n\t\t\t<style>\/*! elementor - v3.20.0 - 20-03-2024 *\/\n.elementor-heading-title{padding:0;margin:0;line-height:1}.elementor-widget-heading .elementor-heading-title[class*=elementor-size-]>a{color:inherit;font-size:inherit;line-height:inherit}.elementor-widget-heading .elementor-heading-title.elementor-size-small{font-size:15px}.elementor-widget-heading .elementor-heading-title.elementor-size-medium{font-size:19px}.elementor-widget-heading .elementor-heading-title.elementor-size-large{font-size:29px}.elementor-widget-heading .elementor-heading-title.elementor-size-xl{font-size:39px}.elementor-widget-heading .elementor-heading-title.elementor-size-xxl{font-size:59px}<\/style><h2 class=\"elementor-heading-title elementor-size-default\">Premio UCC CACSSS Impact Narrative 2025<\/h2>\t\t<\/div>\n\t\t\t\t<\/div>\n\t\t<div class=\"elementor-element elementor-element-cff627f e-grid e-con-boxed e-con e-child\" data-id=\"cff627f\" data-element_type=\"container\">\n\t\t\t\t\t<div class=\"e-con-inner\">\n\t\t\t\t<div class=\"elementor-element elementor-element-5ffaa2f elementor-widget elementor-widget-image\" data-id=\"5ffaa2f\" data-element_type=\"widget\" data-widget_type=\"image.default\">\n\t\t\t\t<div class=\"elementor-widget-container\">\n\t\t\t<style>\/*! elementor - v3.20.0 - 20-03-2024 *\/\n.elementor-widget-image{text-align:center}.elementor-widget-image a{display:inline-block}.elementor-widget-image a img[src$=\".svg\"]{width:48px}.elementor-widget-image img{vertical-align:middle;display:inline-block}<\/style>\t\t\t\t\t\t\t\t\t\t<img fetchpriority=\"high\" decoding=\"async\" width=\"800\" height=\"513\" src=\"https:\/\/pathwaystonature.eu\/wp-content\/uploads\/2025\/06\/unnamed-4-1024x657.jpg\" class=\"attachment-large size-large wp-image-1581\" alt=\"\" srcset=\"https:\/\/pathwaystonature.eu\/wp-content\/uploads\/2025\/06\/unnamed-4-1024x657.jpg 1024w, https:\/\/pathwaystonature.eu\/wp-content\/uploads\/2025\/06\/unnamed-4-300x192.jpg 300w, https:\/\/pathwaystonature.eu\/wp-content\/uploads\/2025\/06\/unnamed-4-768x492.jpg 768w, https:\/\/pathwaystonature.eu\/wp-content\/uploads\/2025\/06\/unnamed-4.jpg 1179w\" sizes=\"(max-width: 800px) 100vw, 800px\" \/>\t\t\t\t\t\t\t\t\t\t\t\t\t<\/div>\n\t\t\t\t<\/div>\n\t\t\t\t<div class=\"elementor-element elementor-element-2385a57 elementor-widget elementor-widget-image\" data-id=\"2385a57\" data-element_type=\"widget\" data-widget_type=\"image.default\">\n\t\t\t\t<div class=\"elementor-widget-container\">\n\t\t\t\t\t\t\t\t\t\t\t\t\t<img decoding=\"async\" width=\"800\" height=\"562\" data-src=\"https:\/\/pathwaystonature.eu\/wp-content\/uploads\/2025\/06\/unnamed-2-2-1024x719.jpg\" class=\"attachment-large size-large wp-image-1585 lazyload\" alt=\"\" data-srcset=\"https:\/\/pathwaystonature.eu\/wp-content\/uploads\/2025\/06\/unnamed-2-2-1024x719.jpg 1024w, https:\/\/pathwaystonature.eu\/wp-content\/uploads\/2025\/06\/unnamed-2-2-300x211.jpg 300w, https:\/\/pathwaystonature.eu\/wp-content\/uploads\/2025\/06\/unnamed-2-2-768x539.jpg 768w, https:\/\/pathwaystonature.eu\/wp-content\/uploads\/2025\/06\/unnamed-2-2-e1749432511499.jpg 1179w\" data-sizes=\"(max-width: 800px) 100vw, 800px\" src=\"data:image\/svg+xml;base64,PHN2ZyB3aWR0aD0iMSIgaGVpZ2h0PSIxIiB4bWxucz0iaHR0cDovL3d3dy53My5vcmcvMjAwMC9zdmciPjwvc3ZnPg==\" style=\"--smush-placeholder-width: 800px; --smush-placeholder-aspect-ratio: 800\/562;\" \/>\t\t\t\t\t\t\t\t\t\t\t\t\t<\/div>\n\t\t\t\t<\/div>\n\t\t\t\t\t<\/div>\n\t\t\t\t<\/div>\n\t\t\t\t<div class=\"elementor-element elementor-element-bbcc462 elementor-widget elementor-widget-spacer\" data-id=\"bbcc462\" data-element_type=\"widget\" data-widget_type=\"spacer.default\">\n\t\t\t\t<div class=\"elementor-widget-container\">\n\t\t\t<style>\/*! elementor - v3.20.0 - 20-03-2024 *\/\n.elementor-column .elementor-spacer-inner{height:var(--spacer-size)}.e-con{--container-widget-width:100%}.e-con-inner>.elementor-widget-spacer,.e-con>.elementor-widget-spacer{width:var(--container-widget-width,var(--spacer-size));--align-self:var(--container-widget-align-self,initial);--flex-shrink:0}.e-con-inner>.elementor-widget-spacer>.elementor-widget-container,.e-con>.elementor-widget-spacer>.elementor-widget-container{height:100%;width:100%}.e-con-inner>.elementor-widget-spacer>.elementor-widget-container>.elementor-spacer,.e-con>.elementor-widget-spacer>.elementor-widget-container>.elementor-spacer{height:100%}.e-con-inner>.elementor-widget-spacer>.elementor-widget-container>.elementor-spacer>.elementor-spacer-inner,.e-con>.elementor-widget-spacer>.elementor-widget-container>.elementor-spacer>.elementor-spacer-inner{height:var(--container-widget-height,var(--spacer-size))}.e-con-inner>.elementor-widget-spacer.elementor-widget-empty,.e-con>.elementor-widget-spacer.elementor-widget-empty{position:relative;min-height:22px;min-width:22px}.e-con-inner>.elementor-widget-spacer.elementor-widget-empty .elementor-widget-empty-icon,.e-con>.elementor-widget-spacer.elementor-widget-empty .elementor-widget-empty-icon{position:absolute;top:0;bottom:0;left:0;right:0;margin:auto;padding:0;width:22px;height:22px}<\/style>\t\t<div class=\"elementor-spacer\">\n\t\t\t<div class=\"elementor-spacer-inner\"><\/div>\n\t\t<\/div>\n\t\t\t\t<\/div>\n\t\t\t\t<\/div>\n\t\t\t\t<div class=\"elementor-element elementor-element-c9db908 elementor-widget elementor-widget-text-editor\" data-id=\"c9db908\" data-element_type=\"widget\" data-widget_type=\"text-editor.default\">\n\t\t\t\t<div class=\"elementor-widget-container\">\n\t\t\t<style>\/*! elementor - v3.20.0 - 20-03-2024 *\/\n.elementor-widget-text-editor.elementor-drop-cap-view-stacked .elementor-drop-cap{background-color:#69727d;color:#fff}.elementor-widget-text-editor.elementor-drop-cap-view-framed .elementor-drop-cap{color:#69727d;border:3px solid;background-color:transparent}.elementor-widget-text-editor:not(.elementor-drop-cap-view-default) .elementor-drop-cap{margin-top:8px}.elementor-widget-text-editor:not(.elementor-drop-cap-view-default) .elementor-drop-cap-letter{width:1em;height:1em}.elementor-widget-text-editor .elementor-drop-cap{float:left;text-align:center;line-height:1;font-size:50px}.elementor-widget-text-editor .elementor-drop-cap-letter{display:inline-block}<\/style>\t\t\t\t<p data-prosemirror-content-type=\"node\" data-prosemirror-node-name=\"paragraph\" data-prosemirror-node-block=\"true\" data-pm-slice=\"1 1 []\">El Premio Impact Narrative reconoce el impacto de la investigaci\u00f3n como parte del D\u00eda de la Exposici\u00f3n de Investigaci\u00f3n de la UCC, que celebra el poder de la investigaci\u00f3n en Artes y Humanidades para impulsar cambios significativos. Este premio honra trabajos que abordan desaf\u00edos sociales cr\u00edticos y reconoce a las personas comprometidas con impulsar el cambio social, hacer la investigaci\u00f3n accesible y garantizar su relevancia para comunidades diversas y el p\u00fablico en general. <\/p><p data-prosemirror-content-type=\"node\" data-prosemirror-node-name=\"paragraph\" data-prosemirror-node-block=\"true\"> <\/p><p data-prosemirror-content-type=\"node\" data-prosemirror-node-name=\"paragraph\" data-prosemirror-node-block=\"true\">Para m\u00e1s informaci\u00f3n<\/p><p data-prosemirror-content-type=\"node\" data-prosemirror-node-name=\"paragraph\" data-prosemirror-node-block=\"true\">Visita &#8211; Enlace a los detalles del premio: <a href=\"https:\/\/www.ucc.ie\/en\/cacsss\/research\/researchimpact\/\" data-inline-card=\"\" data-card-data=\"\" data-prosemirror-content-type=\"node\" data-prosemirror-node-name=\"inlineCard\" data-prosemirror-node-inline=\"true\">https:\/\/www.ucc.ie\/en\/cacsss\/research\/researchimpact\/<\/a><\/p>\t\t\t\t\t\t<\/div>\n\t\t\t\t<\/div>\n\t\t\t\t<div class=\"elementor-element elementor-element-280497e elementor-widget elementor-widget-spacer\" data-id=\"280497e\" data-element_type=\"widget\" data-widget_type=\"spacer.default\">\n\t\t\t\t<div class=\"elementor-widget-container\">\n\t\t\t\t\t<div class=\"elementor-spacer\">\n\t\t\t<div class=\"elementor-spacer-inner\"><\/div>\n\t\t<\/div>\n\t\t\t\t<\/div>\n\t\t\t\t<\/div>\n\t\t<div class=\"elementor-element elementor-element-3244a8b e-grid e-con-boxed e-con e-child\" data-id=\"3244a8b\" data-element_type=\"container\">\n\t\t\t\t\t<div class=\"e-con-inner\">\n\t\t\t\t<div class=\"elementor-element elementor-element-604e96b elementor-widget elementor-widget-image\" data-id=\"604e96b\" data-element_type=\"widget\" data-widget_type=\"image.default\">\n\t\t\t\t<div class=\"elementor-widget-container\">\n\t\t\t\t\t\t\t\t\t\t\t\t\t<img decoding=\"async\" width=\"800\" height=\"573\" data-src=\"https:\/\/pathwaystonature.eu\/wp-content\/uploads\/2025\/06\/unnamed-1-1024x733.jpg\" class=\"attachment-large size-large wp-image-1589 lazyload\" alt=\"\" data-srcset=\"https:\/\/pathwaystonature.eu\/wp-content\/uploads\/2025\/06\/unnamed-1-1024x733.jpg 1024w, https:\/\/pathwaystonature.eu\/wp-content\/uploads\/2025\/06\/unnamed-1-300x215.jpg 300w, https:\/\/pathwaystonature.eu\/wp-content\/uploads\/2025\/06\/unnamed-1-768x550.jpg 768w, https:\/\/pathwaystonature.eu\/wp-content\/uploads\/2025\/06\/unnamed-1.jpg 1179w\" data-sizes=\"(max-width: 800px) 100vw, 800px\" src=\"data:image\/svg+xml;base64,PHN2ZyB3aWR0aD0iMSIgaGVpZ2h0PSIxIiB4bWxucz0iaHR0cDovL3d3dy53My5vcmcvMjAwMC9zdmciPjwvc3ZnPg==\" style=\"--smush-placeholder-width: 800px; --smush-placeholder-aspect-ratio: 800\/573;\" \/>\t\t\t\t\t\t\t\t\t\t\t\t\t<\/div>\n\t\t\t\t<\/div>\n\t\t\t\t<div class=\"elementor-element elementor-element-eb80184 elementor-widget elementor-widget-image\" data-id=\"eb80184\" data-element_type=\"widget\" data-widget_type=\"image.default\">\n\t\t\t\t<div class=\"elementor-widget-container\">\n\t\t\t\t\t\t\t\t\t\t\t\t\t<img decoding=\"async\" width=\"800\" height=\"600\" data-src=\"https:\/\/pathwaystonature.eu\/wp-content\/uploads\/2025\/06\/0-1024x768.jpeg\" class=\"attachment-large size-large wp-image-1577 lazyload\" alt=\"\" data-srcset=\"https:\/\/pathwaystonature.eu\/wp-content\/uploads\/2025\/06\/0-1024x768.jpeg 1024w, https:\/\/pathwaystonature.eu\/wp-content\/uploads\/2025\/06\/0-300x225.jpeg 300w, https:\/\/pathwaystonature.eu\/wp-content\/uploads\/2025\/06\/0-768x576.jpeg 768w, https:\/\/pathwaystonature.eu\/wp-content\/uploads\/2025\/06\/0-1536x1152.jpeg 1536w, https:\/\/pathwaystonature.eu\/wp-content\/uploads\/2025\/06\/0-e1749432548919.jpeg 1600w\" data-sizes=\"(max-width: 800px) 100vw, 800px\" src=\"data:image\/svg+xml;base64,PHN2ZyB3aWR0aD0iMSIgaGVpZ2h0PSIxIiB4bWxucz0iaHR0cDovL3d3dy53My5vcmcvMjAwMC9zdmciPjwvc3ZnPg==\" style=\"--smush-placeholder-width: 800px; --smush-placeholder-aspect-ratio: 800\/600;\" \/>\t\t\t\t\t\t\t\t\t\t\t\t\t<\/div>\n\t\t\t\t<\/div>\n\t\t\t\t\t<\/div>\n\t\t\t\t<\/div>\n\t\t\t\t<div class=\"elementor-element elementor-element-9ec50da elementor-widget elementor-widget-image\" data-id=\"9ec50da\" data-element_type=\"widget\" data-widget_type=\"image.default\">\n\t\t\t\t<div class=\"elementor-widget-container\">\n\t\t\t\t\t\t\t\t\t\t\t\t\t<img decoding=\"async\" width=\"800\" height=\"932\" data-src=\"https:\/\/pathwaystonature.eu\/wp-content\/uploads\/2025\/06\/unnamed-3-879x1024.jpg\" class=\"attachment-large size-large wp-image-1593 lazyload\" alt=\"\" data-srcset=\"https:\/\/pathwaystonature.eu\/wp-content\/uploads\/2025\/06\/unnamed-3-879x1024.jpg 879w, https:\/\/pathwaystonature.eu\/wp-content\/uploads\/2025\/06\/unnamed-3-257x300.jpg 257w, https:\/\/pathwaystonature.eu\/wp-content\/uploads\/2025\/06\/unnamed-3-768x895.jpg 768w, https:\/\/pathwaystonature.eu\/wp-content\/uploads\/2025\/06\/unnamed-3.jpg 1179w\" data-sizes=\"(max-width: 800px) 100vw, 800px\" src=\"data:image\/svg+xml;base64,PHN2ZyB3aWR0aD0iMSIgaGVpZ2h0PSIxIiB4bWxucz0iaHR0cDovL3d3dy53My5vcmcvMjAwMC9zdmciPjwvc3ZnPg==\" style=\"--smush-placeholder-width: 800px; --smush-placeholder-aspect-ratio: 800\/932;\" \/>\t\t\t\t\t\t\t\t\t\t\t\t\t<\/div>\n\t\t\t\t<\/div>\n\t\t\t\t<div class=\"elementor-element elementor-element-ba9c7b8 elementor-widget elementor-widget-spacer\" data-id=\"ba9c7b8\" data-element_type=\"widget\" data-widget_type=\"spacer.default\">\n\t\t\t\t<div class=\"elementor-widget-container\">\n\t\t\t\t\t<div class=\"elementor-spacer\">\n\t\t\t<div class=\"elementor-spacer-inner\"><\/div>\n\t\t<\/div>\n\t\t\t\t<\/div>\n\t\t\t\t<\/div>\n\t\t\t\t\t<\/div>\n\t\t\t\t<\/div>\n\t\t<div class=\"elementor-element elementor-element-77f2f7ae e-flex e-con-boxed e-con e-parent\" data-id=\"77f2f7ae\" data-element_type=\"container\" data-settings=\"{&quot;motion_fx_motion_fx_scrolling&quot;:&quot;yes&quot;,&quot;motion_fx_devices&quot;:[&quot;desktop&quot;,&quot;tablet&quot;,&quot;mobile&quot;]}\" data-core-v316-plus=\"true\">\n\t\t\t\t\t<div class=\"e-con-inner\">\n\t\t\t\t<div class=\"elementor-element elementor-element-7e61258 elementor-widget elementor-widget-heading\" data-id=\"7e61258\" data-element_type=\"widget\" data-widget_type=\"heading.default\">\n\t\t\t\t<div class=\"elementor-widget-container\">\n\t\t\t<h2 class=\"elementor-heading-title elementor-size-default\">Reconocimiento de los Premios Juveniles de la Garda \u2013 Iniciativa Caminos hacia la Naturaleza<\/h2>\t\t<\/div>\n\t\t\t\t<\/div>\n\t\t<div class=\"elementor-element elementor-element-e62d9f3 e-grid e-con-boxed e-con e-child\" data-id=\"e62d9f3\" data-element_type=\"container\">\n\t\t\t\t\t<div class=\"e-con-inner\">\n\t\t\t\t<div class=\"elementor-element elementor-element-cd8d87a elementor-widget elementor-widget-image\" data-id=\"cd8d87a\" data-element_type=\"widget\" data-widget_type=\"image.default\">\n\t\t\t\t<div class=\"elementor-widget-container\">\n\t\t\t\t\t\t\t\t\t\t\t\t\t<img decoding=\"async\" width=\"765\" height=\"1024\" data-src=\"https:\/\/pathwaystonature.eu\/wp-content\/uploads\/2025\/06\/1000044124-765x1024.jpg\" class=\"attachment-large size-large wp-image-1573 lazyload\" alt=\"\" data-srcset=\"https:\/\/pathwaystonature.eu\/wp-content\/uploads\/2025\/06\/1000044124-765x1024.jpg 765w, https:\/\/pathwaystonature.eu\/wp-content\/uploads\/2025\/06\/1000044124-224x300.jpg 224w, https:\/\/pathwaystonature.eu\/wp-content\/uploads\/2025\/06\/1000044124-768x1028.jpg 768w, https:\/\/pathwaystonature.eu\/wp-content\/uploads\/2025\/06\/1000044124-1148x1536.jpg 1148w, https:\/\/pathwaystonature.eu\/wp-content\/uploads\/2025\/06\/1000044124.jpg 1215w\" data-sizes=\"(max-width: 765px) 100vw, 765px\" src=\"data:image\/svg+xml;base64,PHN2ZyB3aWR0aD0iMSIgaGVpZ2h0PSIxIiB4bWxucz0iaHR0cDovL3d3dy53My5vcmcvMjAwMC9zdmciPjwvc3ZnPg==\" style=\"--smush-placeholder-width: 765px; --smush-placeholder-aspect-ratio: 765\/1024;\" \/>\t\t\t\t\t\t\t\t\t\t\t\t\t<\/div>\n\t\t\t\t<\/div>\n\t\t\t\t<div class=\"elementor-element elementor-element-ab81ad6 elementor-widget elementor-widget-text-editor\" data-id=\"ab81ad6\" data-element_type=\"widget\" data-widget_type=\"text-editor.default\">\n\t\t\t\t<div class=\"elementor-widget-container\">\n\t\t\t\t\t\t\t<p>Fecha: 27 de mayo de 2025<br>Ubicaci\u00f3n: Hotel Tower, ciudad de Waterford<\/p>\t\t\t\t\t\t<\/div>\n\t\t\t\t<\/div>\n\t\t\t\t\t<\/div>\n\t\t\t\t<\/div>\n\t\t\t\t<div class=\"elementor-element elementor-element-9c5600d elementor-widget elementor-widget-spacer\" data-id=\"9c5600d\" data-element_type=\"widget\" data-widget_type=\"spacer.default\">\n\t\t\t\t<div class=\"elementor-widget-container\">\n\t\t\t\t\t<div class=\"elementor-spacer\">\n\t\t\t<div class=\"elementor-spacer-inner\"><\/div>\n\t\t<\/div>\n\t\t\t\t<\/div>\n\t\t\t\t<\/div>\n\t\t\t\t<div class=\"elementor-element elementor-element-250da0c elementor-widget elementor-widget-text-editor\" data-id=\"250da0c\" data-element_type=\"widget\" data-widget_type=\"text-editor.default\">\n\t\t\t\t<div class=\"elementor-widget-container\">\n\t\t\t\t\t\t\t<p>Un grupo de 11 j\u00f3venes, de entre 13 y 15 a\u00f1os, fue galardonado con un Premio Juvenil de la Garda por su destacado trabajo en el proyecto Pathways to Nature en el Centro Juvenil de Abbeylands.<\/p><p>El centro se hab\u00eda descuidado y estaba cubierto de maleza, y muchos en la comunidad asum\u00edan que ya no se utilizaba. El joven equipo transform\u00f3 el espacio limpiando jardineras viejas, podando setos, retirando basura y replantando la zona con arbustos y flores frescas. Tambi\u00e9n enderezaron las macetas restantes y reemplazaron la tierra y las plantas crecidas por nueva vegetaci\u00f3n.  <\/p><p>El proyecto fue un ejemplo contundente de acci\u00f3n medioambiental liderada por los j\u00f3venes, con los j\u00f3venes involucrando a miembros de la comunidad en diferentes etapas para apoyar la transformaci\u00f3n. Su arduo trabajo no solo revitaliz\u00f3 el centro, sino que tambi\u00e9n uni\u00f3 a la gente y ayud\u00f3 a reconectar el espacio con la naturaleza. <\/p><p>Su logro fue reconocido en la ceremonia de los Garda Youth Awards en Waterford, que celebr\u00f3 su contribuci\u00f3n positiva a la comunidad local y al medio ambiente.<\/p>\t\t\t\t\t\t<\/div>\n\t\t\t\t<\/div>\n\t\t\t\t<div class=\"elementor-element elementor-element-adfccfc elementor-widget elementor-widget-spacer\" data-id=\"adfccfc\" data-element_type=\"widget\" data-widget_type=\"spacer.default\">\n\t\t\t\t<div class=\"elementor-widget-container\">\n\t\t\t\t\t<div class=\"elementor-spacer\">\n\t\t\t<div class=\"elementor-spacer-inner\"><\/div>\n\t\t<\/div>\n\t\t\t\t<\/div>\n\t\t\t\t<\/div>\n\t\t\t\t<div class=\"elementor-element elementor-element-436b628 elementor-widget elementor-widget-image\" data-id=\"436b628\" data-element_type=\"widget\" data-widget_type=\"image.default\">\n\t\t\t\t<div class=\"elementor-widget-container\">\n\t\t\t\t\t\t\t\t\t\t\t\t\t<img decoding=\"async\" width=\"800\" height=\"600\" data-src=\"https:\/\/pathwaystonature.eu\/wp-content\/uploads\/2025\/06\/0-1024x768.jpeg\" class=\"attachment-large size-large wp-image-1577 lazyload\" alt=\"\" data-srcset=\"https:\/\/pathwaystonature.eu\/wp-content\/uploads\/2025\/06\/0-1024x768.jpeg 1024w, https:\/\/pathwaystonature.eu\/wp-content\/uploads\/2025\/06\/0-300x225.jpeg 300w, https:\/\/pathwaystonature.eu\/wp-content\/uploads\/2025\/06\/0-768x576.jpeg 768w, https:\/\/pathwaystonature.eu\/wp-content\/uploads\/2025\/06\/0-1536x1152.jpeg 1536w, https:\/\/pathwaystonature.eu\/wp-content\/uploads\/2025\/06\/0-e1749432548919.jpeg 1600w\" data-sizes=\"(max-width: 800px) 100vw, 800px\" src=\"data:image\/svg+xml;base64,PHN2ZyB3aWR0aD0iMSIgaGVpZ2h0PSIxIiB4bWxucz0iaHR0cDovL3d3dy53My5vcmcvMjAwMC9zdmciPjwvc3ZnPg==\" style=\"--smush-placeholder-width: 800px; --smush-placeholder-aspect-ratio: 800\/600;\" \/>\t\t\t\t\t\t\t\t\t\t\t\t\t<\/div>\n\t\t\t\t<\/div>\n\t\t\t\t\t<\/div>\n\t\t\t\t<\/div>\n\t\t\t\t<\/div>\n\t\t","protected":false},"excerpt":{"rendered":"<p>Premio UCC CACSSS Impact Narrative 2025 El Premio Impact Narrative reconoce el impacto de la investigaci\u00f3n como parte del D\u00eda de la Exposici\u00f3n de Investigaci\u00f3n de la UCC, que celebra el poder de la investigaci\u00f3n en Artes y Humanidades para impulsar cambios significativos. Este premio honra trabajos que abordan desaf\u00edos sociales cr\u00edticos y reconoce a [&hellip;]<\/p>\n","protected":false},"author":1,"featured_media":0,"parent":0,"menu_order":0,"comment_status":"closed","ping_status":"closed","template":"elementor_header_footer","meta":{"footnotes":""},"class_list":["post-3942","page","type-page","status-publish","hentry"],"_links":{"self":[{"href":"https:\/\/pathwaystonature.eu\/es\/wp-json\/wp\/v2\/pages\/3942","targetHints":{"allow":["GET"]}}],"collection":[{"href":"https:\/\/pathwaystonature.eu\/es\/wp-json\/wp\/v2\/pages"}],"about":[{"href":"https:\/\/pathwaystonature.eu\/es\/wp-json\/wp\/v2\/types\/page"}],"author":[{"embeddable":true,"href":"https:\/\/pathwaystonature.eu\/es\/wp-json\/wp\/v2\/users\/1"}],"replies":[{"embeddable":true,"href":"https:\/\/pathwaystonature.eu\/es\/wp-json\/wp\/v2\/comments?post=3942"}],"version-history":[{"count":2,"href":"https:\/\/pathwaystonature.eu\/es\/wp-json\/wp\/v2\/pages\/3942\/revisions"}],"predecessor-version":[{"id":3948,"href":"https:\/\/pathwaystonature.eu\/es\/wp-json\/wp\/v2\/pages\/3942\/revisions\/3948"}],"wp:attachment":[{"href":"https:\/\/pathwaystonature.eu\/es\/wp-json\/wp\/v2\/media?parent=3942"}],"curies":[{"name":"wp","href":"https:\/\/api.w.org\/{rel}","templated":true}]}}